{"id":15,"date":"2025-08-23T22:39:40","date_gmt":"2025-08-23T20:39:40","guid":{"rendered":"http:\/\/mukolek.pl\/?page_id=15"},"modified":"2025-08-24T16:11:25","modified_gmt":"2025-08-24T14:11:25","slug":"leczenie","status":"publish","type":"page","link":"http:\/\/mukolek.pl\/?page_id=15","title":{"rendered":"Leczenie"},"content":{"rendered":"\n<p>S\u0142awek w zwi\u0105zku z mukowiscydoz\u0105 codziennie bierze&nbsp;<strong>gar\u015b\u0107 lek\u00f3w<\/strong>:<\/p>\n\n\n\n<p>&#8211; na w\u0105trob\u0119, uszkodzon\u0105 przez muko i obci\u0105\u017con\u0105 zaleconymi lekami,<\/p>\n\n\n\n<p>&#8211; w zwi\u0105zku z niewydolno\u015bci\u0105 trzustki: Kreon w r\u00f3\u017cnych dawkach do ka\u017cdego posi\u0142ku i wi\u0119kszo\u015bci przek\u0105sek,<\/p>\n\n\n\n<p>&#8211; zestaw witamin: A, D, E, K &#8211; to witaminy niezb\u0119dne do \u017cycia i prawid\u0142owego funkcjonowania organizmu, kt\u00f3re z powodu mukowiscydozy nie wch\u0142aniaj\u0105 si\u0119 w wystarczaj\u0105cym stopniu z jedzenia \u2013 mukowiscydoza \u201eokrada\u201d z nich chorego, dlatego musz\u0105 by\u0107 suplementowane<\/p>\n\n\n\n<p>&#8211; na p\u0142uca \u2013 to g\u0142\u00f3wnie leki w postaci p\u0142yn\u00f3w do wykonywania inhalacji,<\/p>\n\n\n\n<p>&#8211; przyczynowe na mukowiscydoz\u0119 \u2013 rano i wieczorem, w sta\u0142ym re\u017cimie, odk\u0105d sko\u0144czy\u0142 12 lat i zakwalifikowa\u0142 si\u0119 do terapii.<\/p>\n\n\n\n<p>Poniewa\u017c stosunkowo cz\u0119sto choruje:<\/p>\n\n\n\n<p>&#8211; leki i suplementy zwi\u0119kszaj\u0105ce odporno\u015b\u0107 \u2013 zawsze pod kontrol\u0105 lekarza i po konsultacji, uwzgl\u0119dniaj\u0105ce jego stan zdrowia i ostatnio przebyte infekcje,<\/p>\n\n\n\n<p>a&nbsp;<strong>w czasie chor\u00f3b<\/strong>, poniewa\u017c choruje troch\u0119 inaczej ni\u017c zdrowe dzieci:<\/p>\n\n\n\n<p>&#8211; cz\u0119\u015bciej infekcje rozwijaj\u0105 si\u0119 w stan wymagaj\u0105cy podania antybiotyku \u2013 cz\u0119sto od pierwszego kataru, przez infekcj\u0119 gard\u0142a, do zapalenia oskrzeli mija zaledwie 1-3 dni.<\/p>\n\n\n\n<p>&#8211; podawania dodatkowych lek\u00f3w u\u0142atwiaj\u0105cych oddychanie \u2013 poniewa\u017c mukowiscydoza w swojej istocie zwi\u0119ksza ilo\u015b\u0107 i g\u0119sto\u015b\u0107 p\u0142yn\u00f3w i \u015bluzu naturalnie wyst\u0119puj\u0105cego w organizmie zdrowego cz\u0142owieka, co z jednej strony stanowi \u015bwietne warunki dla drobnoustroj\u00f3w, a z drugiej dodatkowo obci\u0105\u017ca chory organizm, S\u0142awek cz\u0119\u015bciej ma problemy z g\u0119stym, trudnym do usuni\u0119cia katarem czy trudn\u0105 do odkrztuszenia flegm\u0105 w p\u0142ucach i oskrzelach.<\/p>\n\n\n\n<p>&#8211; wymaga podawania dodatkowych lek\u00f3w os\u0142onowych (zwi\u0119kszaj\u0105cych odporno\u015b\u0107 oraz ochronnych np. dla w\u0105troby)<\/p>\n\n\n\n<p>Osob\u0105 grup\u0119 stanowi\u0105 r\u00f3\u017cnego rodzaju&nbsp;<strong>sprz\u0119ty<\/strong>, kt\u00f3re s\u0105 niezb\u0119dne do przyjmowania lek\u00f3w lub wspieraj\u0105 leczenie:<\/p>\n\n\n\n<p>&#8211; inhalator, nebulizator i akcesoria do inhalacji \u2013 s\u0142u\u017c\u0105 do zamiany lek\u00f3w w posta\u0107 wziewn\u0105, zazwyczaj par\u0119 z drobnych kropelek, kt\u00f3ra podczas inhalacji trafia bezpo\u015brednio do p\u0142uc. To leki przeciwzapalne oraz nawil\u017caj\u0105ce i rozrzedzaj\u0105ce wydzielin\u0119 w p\u0142ucach, a podczas infekcji tak\u017ce leki bezpo\u015brednio zwi\u0105zane z leczeniem infekcji oraz leki u\u0142atwiaj\u0105ce oddychanie, np. rozkurczaj\u0105ce oskrzela, wykrztu\u015bne czy rozrzedzaj\u0105ce zalegaj\u0105c\u0105 w p\u0142ucach wydzielin\u0119. Niekt\u00f3re leki zwi\u0105zane z katarem i zatokami tak\u017ce mog\u0105 by\u0107 podawane t\u0105 drog\u0105.<\/p>\n\n\n\n<p>&#8211; sprz\u0119t do rehabilitacji \u2013 w zale\u017cno\u015bci od stanu zdrowia, wieku i aktualnych zalece\u0144 rehabilitanta korzystamy z r\u00f3\u017cnych sprz\u0119t\u00f3w u\u0142atwiaj\u0105cych usuwanie wydzielimy z p\u0142uc. Sprz\u0119ty te zazwyczaj dzia\u0142aj\u0105 przez mechaniczne (skoki, oklepywanie) odrywanie wydzieliny lub wspieraj\u0105ce jej odrywanie i usuwanie z oskrzeli przez np. drgania czy zmienne ci\u015bnienie (oddychanie, dmuchanie w specjalne urz\u0105dzenia).<\/p>\n\n\n\n<p>Elementem leczenia jest te\u017c w\u0142a\u015bciwy tryb \u017cycia &#8211; ruch, najlepiej na \u015bwie\u017cym powietrzu, unikanie zapylenia, smogu (na \u015bl\u0105sku&#8230; ha, ha \ud83d\ude09 ) zamkni\u0119tych, niewentylowanych pomieszcze\u0144, czy nadmiernego stresu. Bardzo du\u017ce znaczenie ma te\u017c w\u0142a\u015bciwa dieta. W\u0142a\u015bciwa, czyli dopasowana do stanu zdrowia, przyjmowanych lek\u00f3w, aktualnych chor\u00f3b, a do tego zapewniaj\u0105ca w\u0142a\u015bciw\u0105 ilo\u015b\u0107 nie tylko kalorii, ale te\u017c witamin i mikroelement\u00f3w, kt\u00f3re organizm chorego na mukowiscydoz\u0119 znacznie gorzej przyswaja z jedzenia.&nbsp;<\/p>\n\n\n\n<p>Ostatnim elementem s\u0105 kontrole lekarskie, do lekarza prowadz\u0105cego pod wzgl\u0119dem muko je\u017adzimy co 12 tygodni &#8211; jak w zegarku, ze wzgl\u0119du na leczenie biologiczne. Po prostu leki dostajemy w szpitalu, na kolejne 12 tygodni, co do dnia. W miar\u0119 up\u0142ywu czasu tych lekarzy i konsultacji pojawia si\u0119 coraz wi\u0119cej, zw\u0142aszcza specjalist\u00f3w, wi\u0119c dobry kalendarz to podstawa, \u017ceby ogarn\u0105\u0107 te terminy, badania i konsultacje dokonywane z r\u00f3\u017cn\u0105 cz\u0119stotliwo\u015bci\u0105. Pomimo tego, cho\u0107 przez 12 lat uda\u0142o nam si\u0119 unika\u0107 pobytu w szpitalach, ostatnio zdarza\u0142o si\u0119 nam co kilka miesi\u0119cy, cho\u0107 z powod\u00f3w nie zwi\u0105zanych z mukowiscydoz\u0105.<\/p>\n","protected":false},"excerpt":{"rendered":"<p>S\u0142awek w zwi\u0105zku z mukowiscydoz\u0105 codziennie bierze&nbsp;gar\u015b\u0107 lek\u00f3w: &#8211; na w\u0105trob\u0119, uszkodzon\u0105 przez muko i obci\u0105\u017con\u0105 zaleconymi lekami, &#8211; w zwi\u0105zku z niewydolno\u015bci\u0105 trzustki: Kreon w r\u00f3\u017cnych dawkach do ka\u017cdego posi\u0142ku i wi\u0119kszo\u015bci przek\u0105sek, &#8211; zestaw witamin: A, D, E, K &#8211; to witaminy niezb\u0119dne do \u017cycia i prawid\u0142owego funkcjonowania organizmu, kt\u00f3re z powodu mukowiscydozy [&hellip;]<\/p>\n","protected":false},"author":1,"featured_media":0,"parent":0,"menu_order":0,"comment_status":"closed","ping_status":"closed","template":"","meta":{"footnotes":""},"class_list":["post-15","page","type-page","status-publish","hentry"],"yoast_head":"<!-- This site is optimized with the Yoast SEO plugin v25.7 - https:\/\/yoast.com\/wordpress\/plugins\/seo\/ -->\n<title>Leczenie - mukolek.pl<\/title>\n<meta name=\"robots\" content=\"index, follow, max-snippet:-1, max-image-preview:large, max-video-preview:-1\" \/>\n<link rel=\"canonical\" href=\"http:\/\/mukolek.pl\/?page_id=15\" \/>\n<meta property=\"og:locale\" content=\"en_US\" \/>\n<meta property=\"og:type\" content=\"article\" \/>\n<meta property=\"og:title\" content=\"Leczenie - mukolek.pl\" \/>\n<meta property=\"og:description\" content=\"S\u0142awek w zwi\u0105zku z mukowiscydoz\u0105 codziennie bierze&nbsp;gar\u015b\u0107 lek\u00f3w: &#8211; na w\u0105trob\u0119, uszkodzon\u0105 przez muko i obci\u0105\u017con\u0105 zaleconymi lekami, &#8211; w zwi\u0105zku z niewydolno\u015bci\u0105 trzustki: Kreon w r\u00f3\u017cnych dawkach do ka\u017cdego posi\u0142ku i wi\u0119kszo\u015bci przek\u0105sek, &#8211; zestaw witamin: A, D, E, K &#8211; to witaminy niezb\u0119dne do \u017cycia i prawid\u0142owego funkcjonowania organizmu, kt\u00f3re z powodu mukowiscydozy [&hellip;]\" \/>\n<meta property=\"og:url\" content=\"http:\/\/mukolek.pl\/?page_id=15\" \/>\n<meta property=\"og:site_name\" content=\"mukolek.pl\" \/>\n<meta property=\"article:modified_time\" content=\"2025-08-24T14:11:25+00:00\" \/>\n<meta name=\"twitter:card\" content=\"summary_large_image\" \/>\n<meta name=\"twitter:label1\" content=\"Est. reading time\" \/>\n\t<meta name=\"twitter:data1\" content=\"4 minutes\" \/>\n<script type=\"application\/ld+json\" class=\"yoast-schema-graph\">{\"@context\":\"https:\/\/schema.org\",\"@graph\":[{\"@type\":\"WebPage\",\"@id\":\"http:\/\/mukolek.pl\/?page_id=15\",\"url\":\"http:\/\/mukolek.pl\/?page_id=15\",\"name\":\"Leczenie - mukolek.pl\",\"isPartOf\":{\"@id\":\"http:\/\/mukolek.pl\/#website\"},\"datePublished\":\"2025-08-23T20:39:40+00:00\",\"dateModified\":\"2025-08-24T14:11:25+00:00\",\"breadcrumb\":{\"@id\":\"http:\/\/mukolek.pl\/?page_id=15#breadcrumb\"},\"inLanguage\":\"en-US\",\"potentialAction\":[{\"@type\":\"ReadAction\",\"target\":[\"http:\/\/mukolek.pl\/?page_id=15\"]}]},{\"@type\":\"BreadcrumbList\",\"@id\":\"http:\/\/mukolek.pl\/?page_id=15#breadcrumb\",\"itemListElement\":[{\"@type\":\"ListItem\",\"position\":1,\"name\":\"Home\",\"item\":\"http:\/\/mukolek.pl\/\"},{\"@type\":\"ListItem\",\"position\":2,\"name\":\"Leczenie\"}]},{\"@type\":\"WebSite\",\"@id\":\"http:\/\/mukolek.pl\/#website\",\"url\":\"http:\/\/mukolek.pl\/\",\"name\":\"mukolek.pl\",\"description\":\"\",\"potentialAction\":[{\"@type\":\"SearchAction\",\"target\":{\"@type\":\"EntryPoint\",\"urlTemplate\":\"http:\/\/mukolek.pl\/?s={search_term_string}\"},\"query-input\":{\"@type\":\"PropertyValueSpecification\",\"valueRequired\":true,\"valueName\":\"search_term_string\"}}],\"inLanguage\":\"en-US\"}]}<\/script>\n<!-- \/ Yoast SEO plugin. -->","yoast_head_json":{"title":"Leczenie - mukolek.pl","robots":{"index":"index","follow":"follow","max-snippet":"max-snippet:-1","max-image-preview":"max-image-preview:large","max-video-preview":"max-video-preview:-1"},"canonical":"http:\/\/mukolek.pl\/?page_id=15","og_locale":"en_US","og_type":"article","og_title":"Leczenie - mukolek.pl","og_description":"S\u0142awek w zwi\u0105zku z mukowiscydoz\u0105 codziennie bierze&nbsp;gar\u015b\u0107 lek\u00f3w: &#8211; na w\u0105trob\u0119, uszkodzon\u0105 przez muko i obci\u0105\u017con\u0105 zaleconymi lekami, &#8211; w zwi\u0105zku z niewydolno\u015bci\u0105 trzustki: Kreon w r\u00f3\u017cnych dawkach do ka\u017cdego posi\u0142ku i wi\u0119kszo\u015bci przek\u0105sek, &#8211; zestaw witamin: A, D, E, K &#8211; to witaminy niezb\u0119dne do \u017cycia i prawid\u0142owego funkcjonowania organizmu, kt\u00f3re z powodu mukowiscydozy [&hellip;]","og_url":"http:\/\/mukolek.pl\/?page_id=15","og_site_name":"mukolek.pl","article_modified_time":"2025-08-24T14:11:25+00:00","twitter_card":"summary_large_image","twitter_misc":{"Est. reading time":"4 minutes"},"schema":{"@context":"https:\/\/schema.org","@graph":[{"@type":"WebPage","@id":"http:\/\/mukolek.pl\/?page_id=15","url":"http:\/\/mukolek.pl\/?page_id=15","name":"Leczenie - mukolek.pl","isPartOf":{"@id":"http:\/\/mukolek.pl\/#website"},"datePublished":"2025-08-23T20:39:40+00:00","dateModified":"2025-08-24T14:11:25+00:00","breadcrumb":{"@id":"http:\/\/mukolek.pl\/?page_id=15#breadcrumb"},"inLanguage":"en-US","potentialAction":[{"@type":"ReadAction","target":["http:\/\/mukolek.pl\/?page_id=15"]}]},{"@type":"BreadcrumbList","@id":"http:\/\/mukolek.pl\/?page_id=15#breadcrumb","itemListElement":[{"@type":"ListItem","position":1,"name":"Home","item":"http:\/\/mukolek.pl\/"},{"@type":"ListItem","position":2,"name":"Leczenie"}]},{"@type":"WebSite","@id":"http:\/\/mukolek.pl\/#website","url":"http:\/\/mukolek.pl\/","name":"mukolek.pl","description":"","potentialAction":[{"@type":"SearchAction","target":{"@type":"EntryPoint","urlTemplate":"http:\/\/mukolek.pl\/?s={search_term_string}"},"query-input":{"@type":"PropertyValueSpecification","valueRequired":true,"valueName":"search_term_string"}}],"inLanguage":"en-US"}]}},"_links":{"self":[{"href":"http:\/\/mukolek.pl\/index.php?rest_route=\/wp\/v2\/pages\/15","targetHints":{"allow":["GET"]}}],"collection":[{"href":"http:\/\/mukolek.pl\/index.php?rest_route=\/wp\/v2\/pages"}],"about":[{"href":"http:\/\/mukolek.pl\/index.php?rest_route=\/wp\/v2\/types\/page"}],"author":[{"embeddable":true,"href":"http:\/\/mukolek.pl\/index.php?rest_route=\/wp\/v2\/users\/1"}],"replies":[{"embeddable":true,"href":"http:\/\/mukolek.pl\/index.php?rest_route=%2Fwp%2Fv2%2Fcomments&post=15"}],"version-history":[{"count":2,"href":"http:\/\/mukolek.pl\/index.php?rest_route=\/wp\/v2\/pages\/15\/revisions"}],"predecessor-version":[{"id":80,"href":"http:\/\/mukolek.pl\/index.php?rest_route=\/wp\/v2\/pages\/15\/revisions\/80"}],"wp:attachment":[{"href":"http:\/\/mukolek.pl\/index.php?rest_route=%2Fwp%2Fv2%2Fmedia&parent=15"}],"curies":[{"name":"wp","href":"https:\/\/api.w.org\/{rel}","templated":true}]}}